{"id":1375,"date":"2023-05-23T13:51:01","date_gmt":"2023-05-23T13:51:01","guid":{"rendered":"https:\/\/www.santacreudesign.com\/?page_id=1375"},"modified":"2024-03-26T15:20:44","modified_gmt":"2024-03-26T15:20:44","slug":"interiorismo-y-diseno","status":"publish","type":"page","link":"https:\/\/www.santacreudesign.com\/es\/interiorismo-y-diseno\/","title":{"rendered":"Interiorismo y dise\u00f1o"},"content":{"rendered":"<style>.kb-row-layout-id1375_255af7-14 > .kt-row-column-wrap{align-content:start;}:where(.kb-row-layout-id1375_255af7-14 > .kt-row-column-wrap) > .wp-block-kadence-column{justify-content:start;}.kb-row-layout-id1375_255af7-14 > .kt-row-column-wrap{column-gap:80px;row-gap:var(--global-kb-gap-md, 2rem);padding-top:0px;padding-bottom:24px;}.kb-row-layout-id1375_255af7-14 > .kt-row-column-wrap > div:not(.added-for-specificity){grid-column:initial;}.kb-row-layout-id1375_255af7-14 > .kt-row-column-wrap{grid-template-columns:repeat(3, minmax(0, 1fr));}.kb-row-layout-id1375_255af7-14 > .kt-row-layout-overlay{opacity:0.30;}@media all and (max-width: 1024px){.kb-row-layout-id1375_255af7-14 > .kt-row-column-wrap > div:not(.added-for-specificity){grid-column:initial;}}@media all and (max-width: 1024px){.kb-row-layout-id1375_255af7-14 > .kt-row-column-wrap{grid-template-columns:repeat(3, minmax(0, 1fr));}}@media all and (max-width: 767px){.kb-row-layout-id1375_255af7-14 > .kt-row-column-wrap > div:not(.added-for-specificity){grid-column:initial;}.kb-row-layout-id1375_255af7-14 > .kt-row-column-wrap{grid-template-columns:minmax(0, 1fr);}}<\/style><div class=\"kb-row-layout-wrap kb-row-layout-id1375_255af7-14 alignnone wp-block-kadence-rowlayout\"><div class=\"kt-row-column-wrap kt-has-3-columns kt-row-layout-equal kt-tab-layout-inherit kt-mobile-layout-row kt-row-valign-top\">\n<style>.kadence-column1375_bf89dc-dc > .kt-inside-inner-col,.kadence-column1375_bf89dc-dc > .kt-inside-inner-col:before{border-top-left-radius:0px;border-top-right-radius:0px;border-bottom-right-radius:0px;border-bottom-left-radius:0px;}.kadence-column1375_bf89dc-dc > .kt-inside-inner-col{column-gap:var(--global-kb-gap-sm, 1rem);}.kadence-column1375_bf89dc-dc > .kt-inside-inner-col{flex-direction:column;}.kadence-column1375_bf89dc-dc > .kt-inside-inner-col > .aligncenter{width:100%;}.kadence-column1375_bf89dc-dc > .kt-inside-inner-col:before{opacity:0.3;}.kadence-column1375_bf89dc-dc{position:relative;}@media all and (max-width: 1024px){.kadence-column1375_bf89dc-dc > .kt-inside-inner-col{flex-direction:column;justify-content:center;}}@media all and (max-width: 767px){.kadence-column1375_bf89dc-dc > .kt-inside-inner-col{flex-direction:column;justify-content:center;}}<\/style>\n<div class=\"wp-block-kadence-column kadence-column1375_bf89dc-dc\"><div class=\"kt-inside-inner-col\">\n<h2 class=\"wp-block-heading h1 animated fadeInUp\">Cl\u00ednicas<br>Dentales<\/h2>\n\n\n\n<p class=\"animated fadeInUp\">Nos dedicamos al dise\u00f1o de cl\u00ednicas dentales realizando obras llaves en mano contando con la colaboraci\u00f3n de todo tipo de industriales.<\/p>\n\n\n\n<div class=\"wp-block-buttons animated fadeInUp is-layout-flex wp-block-buttons-is-layout-flex\">\n<div class=\"wp-block-button\"><a class=\"wp-block-button__link wp-element-button\" href=\"https:\/\/www.santacreudesign.com\/interiorisme-cliniques-dentals\/\">M\u00e1s informaci\u00f3n<\/a><\/div>\n<\/div>\n\n\n\n<figure class=\"wp-block-image size-full margin_top_01 animated fadeIn delay-500ms\"><a href=\"https:\/\/www.santacreudesign.com\/interiorisme-cliniques-dentals\/\"><img loading=\"lazy\" decoding=\"async\" width=\"828\" height=\"1586\" src=\"https:\/\/www.santacreudesign.com\/wp-content\/uploads\/2024\/02\/santacreu_clinique_dental_general01.webp\" alt=\"Foto Cl\u00edniques\nDentals\" class=\"wp-image-695\" srcset=\"https:\/\/www.santacreudesign.com\/wp-content\/uploads\/2024\/02\/santacreu_clinique_dental_general01.webp 828w, https:\/\/www.santacreudesign.com\/wp-content\/uploads\/2024\/02\/santacreu_clinique_dental_general01-157x300.webp 157w, https:\/\/www.santacreudesign.com\/wp-content\/uploads\/2024\/02\/santacreu_clinique_dental_general01-535x1024.webp 535w, https:\/\/www.santacreudesign.com\/wp-content\/uploads\/2024\/02\/santacreu_clinique_dental_general01-768x1471.webp 768w, https:\/\/www.santacreudesign.com\/wp-content\/uploads\/2024\/02\/santacreu_clinique_dental_general01-802x1536.webp 802w, https:\/\/www.santacreudesign.com\/wp-content\/uploads\/2024\/02\/santacreu_clinique_dental_general01-300x575.webp 300w\" sizes=\"auto, (max-width: 828px) 100vw, 828px\" \/><\/a><\/figure>\n\n\n\n<h2 class=\"wp-block-heading margin_top_03 h1 animated fadeInUp\">Dise\u00f1o de oficinas<\/h2>\n\n\n\n<p class=\"animated fadeInUp\">Lorem ipsum dolor sit amet, consectetur adipiscing elit. Etiam elit nulla, venenatis id felis ac, dapibus iaculis nisl. <\/p>\n\n\n\n<div class=\"wp-block-buttons animated fadeInUp is-layout-flex wp-block-buttons-is-layout-flex\">\n<div class=\"wp-block-button\"><a class=\"wp-block-button__link wp-element-button\" href=\"https:\/\/www.santacreudesign.com\/disseny-doficines\/\">M\u00e1s informaci\u00f3n<\/a><\/div>\n<\/div>\n\n\n\n<figure class=\"wp-block-image size-full margin_top_01 animated fadeIn delay-500ms\"><a href=\"https:\/\/www.santacreudesign.com\/disseny-doficines\/\"><img loading=\"lazy\" decoding=\"async\" width=\"826\" height=\"814\" src=\"https:\/\/www.santacreudesign.com\/wp-content\/uploads\/2024\/02\/santacreu_oficines_general01.webp\" alt=\"Disseny d'oficines\" class=\"wp-image-696\" srcset=\"https:\/\/www.santacreudesign.com\/wp-content\/uploads\/2024\/02\/santacreu_oficines_general01.webp 826w, https:\/\/www.santacreudesign.com\/wp-content\/uploads\/2024\/02\/santacreu_oficines_general01-300x296.webp 300w, https:\/\/www.santacreudesign.com\/wp-content\/uploads\/2024\/02\/santacreu_oficines_general01-768x757.webp 768w\" sizes=\"auto, (max-width: 826px) 100vw, 826px\" \/><\/a><\/figure>\n<\/div><\/div>\n\n\n<style>.kadence-column1375_65b40e-46 > .kt-inside-inner-col{padding-top:253px;}.kadence-column1375_65b40e-46 > .kt-inside-inner-col,.kadence-column1375_65b40e-46 > .kt-inside-inner-col:before{border-top-left-radius:0px;border-top-right-radius:0px;border-bottom-right-radius:0px;border-bottom-left-radius:0px;}.kadence-column1375_65b40e-46 > .kt-inside-inner-col{column-gap:var(--global-kb-gap-sm, 1rem);}.kadence-column1375_65b40e-46 > .kt-inside-inner-col{flex-direction:column;}.kadence-column1375_65b40e-46 > .kt-inside-inner-col > .aligncenter{width:100%;}.kadence-column1375_65b40e-46 > .kt-inside-inner-col:before{opacity:0.3;}.kadence-column1375_65b40e-46{position:relative;}@media all and (max-width: 1024px){.kadence-column1375_65b40e-46 > .kt-inside-inner-col{flex-direction:column;justify-content:center;}}@media all and (max-width: 767px){.kadence-column1375_65b40e-46 > .kt-inside-inner-col{padding-top:0px;flex-direction:column;justify-content:center;}}<\/style>\n<div class=\"wp-block-kadence-column kadence-column1375_65b40e-46\"><div class=\"kt-inside-inner-col\">\n<h2 class=\"wp-block-heading has-text-align-right h1 animated fadeInUp\">\u00d3pticas<\/h2>\n\n\n\n<p class=\"has-text-align-right animated fadeInUp\">Somos especialistas en reformas de interiorismo de \u00f3pticas proponiendo al cliente la distribuci\u00f3n interior m\u00e1s adecuada, realizando la ejecuci\u00f3n del proyecto y la direcci\u00f3n facultativa de la obra contando con la colaboraci\u00f3n de todos los industriales necesarios para su ejecuci\u00f3n.<\/p>\n\n\n\n<div class=\"wp-block-buttons animated fadeInUp is-content-justification-right is-layout-flex wp-container-core-buttons-is-layout-765c4724 wp-block-buttons-is-layout-flex\">\n<div class=\"wp-block-button\"><a class=\"wp-block-button__link wp-element-button\" href=\"https:\/\/www.santacreudesign.com\/interiorisme-optiques\/\">M\u00e1s informaci\u00f3n<\/a><\/div>\n<\/div>\n\n\n\n<figure class=\"wp-block-image size-full margin_top_01 animated fadeIn delay-500ms\"><a href=\"https:\/\/www.santacreudesign.com\/interiorisme-optiques\/\"><img loading=\"lazy\" decoding=\"async\" width=\"826\" height=\"1586\" src=\"https:\/\/www.santacreudesign.com\/wp-content\/uploads\/2024\/02\/santacreu_optica_general01.webp\" alt=\"Foto \u00d2ptiques\" class=\"wp-image-698\" srcset=\"https:\/\/www.santacreudesign.com\/wp-content\/uploads\/2024\/02\/santacreu_optica_general01.webp 826w, https:\/\/www.santacreudesign.com\/wp-content\/uploads\/2024\/02\/santacreu_optica_general01-156x300.webp 156w, https:\/\/www.santacreudesign.com\/wp-content\/uploads\/2024\/02\/santacreu_optica_general01-533x1024.webp 533w, https:\/\/www.santacreudesign.com\/wp-content\/uploads\/2024\/02\/santacreu_optica_general01-768x1475.webp 768w, https:\/\/www.santacreudesign.com\/wp-content\/uploads\/2024\/02\/santacreu_optica_general01-800x1536.webp 800w, https:\/\/www.santacreudesign.com\/wp-content\/uploads\/2024\/02\/santacreu_optica_general01-300x576.webp 300w\" sizes=\"auto, (max-width: 826px) 100vw, 826px\" \/><\/a><\/figure>\n<\/div><\/div>\n\n\n<style>.kadence-column1375_d8b8ae-c5 > .kt-inside-inner-col,.kadence-column1375_d8b8ae-c5 > .kt-inside-inner-col:before{border-top-left-radius:0px;border-top-right-radius:0px;border-bottom-right-radius:0px;border-bottom-left-radius:0px;}.kadence-column1375_d8b8ae-c5 > .kt-inside-inner-col{column-gap:var(--global-kb-gap-sm, 1rem);}.kadence-column1375_d8b8ae-c5 > .kt-inside-inner-col{flex-direction:column;}.kadence-column1375_d8b8ae-c5 > .kt-inside-inner-col > .aligncenter{width:100%;}.kadence-column1375_d8b8ae-c5 > .kt-inside-inner-col:before{opacity:0.3;}.kadence-column1375_d8b8ae-c5{position:relative;}@media all and (max-width: 1024px){.kadence-column1375_d8b8ae-c5 > .kt-inside-inner-col{flex-direction:column;justify-content:center;}}@media all and (max-width: 767px){.kadence-column1375_d8b8ae-c5 > .kt-inside-inner-col{flex-direction:column;justify-content:center;}}<\/style>\n<div class=\"wp-block-kadence-column kadence-column1375_d8b8ae-c5 padding_top_01\"><div class=\"kt-inside-inner-col\">\n<h2 class=\"wp-block-heading h1 animated fadeInUp\">Identidad corporativa<\/h2>\n\n\n\n<p class=\"animated fadeInUp\">Como apasionados del dise\u00f1o y el interiorismo, nos gusta hacernos responsables de la comunicaci\u00f3n empresarial a trav\u00e9s del escaparate de un establecimiento.<\/p>\n\n\n\n<div class=\"wp-block-buttons animated fadeInUp is-layout-flex wp-block-buttons-is-layout-flex\">\n<div class=\"wp-block-button\"><a class=\"wp-block-button__link wp-element-button\">M\u00e1s informaci\u00f3n<\/a><\/div>\n<\/div>\n\n\n\n<figure class=\"wp-block-image size-full margin_top_01 animated fadeIn delay-500ms\"><img loading=\"lazy\" decoding=\"async\" width=\"826\" height=\"814\" src=\"https:\/\/www.santacreudesign.com\/wp-content\/uploads\/2024\/02\/santacreu_identitat_general01.webp\" alt=\"Identitat corporativa\" class=\"wp-image-697\" srcset=\"https:\/\/www.santacreudesign.com\/wp-content\/uploads\/2024\/02\/santacreu_identitat_general01.webp 826w, https:\/\/www.santacreudesign.com\/wp-content\/uploads\/2024\/02\/santacreu_identitat_general01-300x296.webp 300w, https:\/\/www.santacreudesign.com\/wp-content\/uploads\/2024\/02\/santacreu_identitat_general01-768x757.webp 768w\" sizes=\"auto, (max-width: 826px) 100vw, 826px\" \/><\/figure>\n<\/div><\/div>\n\n<\/div><\/div>\n\n\n<h3 class=\"wp-block-heading margin_top_01 animated fadeIn slow\">\u00bfQu\u00e9 deseas?<\/h3>\n\n\n\n<div class=\"wp-block-contact-form-7-contact-form-selector animated fadeInUp delay-200ms slow\"><p class=\"wpcf7-contact-form-not-found\"><strong>Error:<\/strong> Formulario de contacto no encontrado.<\/p><\/div>\n","protected":false},"excerpt":{"rendered":"<p>Cl\u00ednicasDentales Nos dedicamos al dise\u00f1o de cl\u00ednicas dentales realizando obras llaves en mano contando con la colaboraci\u00f3n de todo tipo de industriales. Dise\u00f1o de oficinas Lorem ipsum dolor sit amet, consectetur adipiscing elit. Etiam elit nulla, venenatis id felis ac, dapibus iaculis nisl. \u00d3pticas Somos especialistas en reformas de interiorismo de \u00f3pticas proponiendo al cliente &hellip;<\/p>\n","protected":false},"author":1,"featured_media":0,"parent":0,"menu_order":0,"comment_status":"closed","ping_status":"closed","template":"templates\/template-builder.php","meta":{"inline_featured_image":false,"footnotes":""},"class_list":["post-1375","page","type-page","status-publish","hentry","post","without-featured-image"],"_links":{"self":[{"href":"https:\/\/www.santacreudesign.com\/es\/wp-json\/wp\/v2\/pages\/1375","targetHints":{"allow":["GET"]}}],"collection":[{"href":"https:\/\/www.santacreudesign.com\/es\/wp-json\/wp\/v2\/pages"}],"about":[{"href":"https:\/\/www.santacreudesign.com\/es\/wp-json\/wp\/v2\/types\/page"}],"author":[{"embeddable":true,"href":"https:\/\/www.santacreudesign.com\/es\/wp-json\/wp\/v2\/users\/1"}],"replies":[{"embeddable":true,"href":"https:\/\/www.santacreudesign.com\/es\/wp-json\/wp\/v2\/comments?post=1375"}],"version-history":[{"count":1,"href":"https:\/\/www.santacreudesign.com\/es\/wp-json\/wp\/v2\/pages\/1375\/revisions"}],"predecessor-version":[{"id":1376,"href":"https:\/\/www.santacreudesign.com\/es\/wp-json\/wp\/v2\/pages\/1375\/revisions\/1376"}],"wp:attachment":[{"href":"https:\/\/www.santacreudesign.com\/es\/wp-json\/wp\/v2\/media?parent=1375"}],"curies":[{"name":"wp","href":"https:\/\/api.w.org\/{rel}","templated":true}]}}